{"id":419,"date":"2020-11-10T12:35:47","date_gmt":"2020-11-10T11:35:47","guid":{"rendered":"https:\/\/abdoumoustoifa.wordpress.com\/?page_id=419"},"modified":"2021-01-11T12:21:20","modified_gmt":"2021-01-11T11:21:20","slug":"accueil-2","status":"publish","type":"page","link":"https:\/\/abdoumoustoifa.info\/","title":{"rendered":"Accueil"},"content":{"rendered":"\n<div class=\"wp-block-cover alignfull has-background-dim-30 has-background-dim\" style=\"background-image:url(https:\/\/exforddemo.files.wordpress.com\/2019\/08\/tom-winckels-i7olrdm9yiw-unsplash.jpg)\"><div class=\"wp-block-cover__inner-container is-layout-flow wp-block-cover-is-layout-flow\">\n<h1 class=\"has-text-align-center wp-block-heading\">Votre voyage commence<\/h1>\n\n\n\n<p class=\"has-text-align-center\">Avec Exford, votre voyage commence ici. Explorez toutes nos offres et choisissez la destination qui convient \u00e0 vos prochaines vacances.<\/p>\n\n\n\n<div class=\"wp-block-button aligncenter\"><a class=\"wp-block-button__link has-foreground-dark-color has-background-background-color has-text-color has-background\" href=\"https:\/\/exforddemo.wordpress.com\/services\/\">D\u00e9couvrez nos offres<\/a><\/div>\n<\/div><\/div>\n\n\n\n<div class=\"wp-block-group alignfull has-background-background-color has-background\"><div class=\"wp-block-group__inner-container is-layout-flow wp-block-group-is-layout-flow\">\n<div style=\"height:68px\" aria-hidden=\"true\" class=\"wp-block-spacer\"><\/div>\n\n\n\n<div class=\"wp-block-columns alignwide are-vertically-aligned-center is-layout-flex wp-container-core-columns-is-layout-9d6595d7 wp-block-columns-is-layout-flex\">\n<div class=\"wp-block-column is-vertically-aligned-center is-layout-flow wp-block-column-is-layout-flow\" style=\"flex-basis:67%\">\n<figure class=\"wp-block-image size-large\"><img decoding=\"async\" src=\"https:\/\/exforddemo.files.wordpress.com\/2019\/08\/cris-tagupa-9zxhur5acwm-unsplash.jpg\" alt=\"\" class=\"wp-image-163\"\/><\/figure>\n<\/div>\n\n\n\n<div class=\"wp-block-column is-vertically-aligned-center is-layout-flow wp-block-column-is-layout-flow\" style=\"flex-basis:33%\">\n<h2 class=\"wp-block-heading\">Explorez le monde<\/h2>\n\n\n\n<p>Des circuits incroyables et des aventures m\u00e9morables vous attendent. Faites-vous plaisir et consultez nos offres.<\/p>\n\n\n\n<div class=\"wp-block-button\"><a class=\"wp-block-button__link\" href=\"https:\/\/exforddemo.wordpress.com\/services\/\">D\u00e9couvrez nos offres<\/a><\/div>\n<\/div>\n<\/div>\n\n\n\n<div style=\"height:68px\" aria-hidden=\"true\" class=\"wp-block-spacer\"><\/div>\n<\/div><\/div>\n\n\n\n<div class=\"wp-block-media-text alignfull has-media-on-the-right is-stacked-on-mobile is-vertically-aligned-center has-foreground-background-color has-background\"><figure class=\"wp-block-media-text__media\"><img decoding=\"async\" src=\"https:\/\/exforddemo.files.wordpress.com\/2019\/08\/rajiv-perera-b1jeqijwyqi-unsplash.jpg?w=750\" alt=\"\" class=\"wp-image-56 size-full\"\/><\/figure><div class=\"wp-block-media-text__content\">\n<h2 class=\"wp-block-heading\">D\u00e9couvrez la beaut\u00e9 sans limite<\/h2>\n\n\n\n<p>D\u00e9couvrez des gens, des cultures et des paysages diff\u00e9rents. Choisissez votre prochaine destination avec nous, nous nous chargeons du reste.<\/p>\n<\/div><\/div>\n\n\n\n<div class=\"wp-block-group alignfull has-background-background-color has-background\"><div class=\"wp-block-group__inner-container is-layout-flow wp-block-group-is-layout-flow\">\n<div style=\"height:68px\" aria-hidden=\"true\" class=\"wp-block-spacer\"><\/div>\n\n\n\n<div class=\"wp-block-columns alignwide are-vertically-aligned-center is-layout-flex wp-container-core-columns-is-layout-9d6595d7 wp-block-columns-is-layout-flex\">\n<div class=\"wp-block-column is-vertically-aligned-center is-layout-flow wp-block-column-is-layout-flow\" style=\"flex-basis:33%\">\n<h2 class=\"wp-block-heading\">Circuits et destinations \u00e0 venir<\/h2>\n\n\n\n<p>Des lieux exotiques aux stations de ski, la liste est <em>presque<\/em> sans fin et nous avons l&rsquo;offre qu&rsquo;il vous faut.<\/p>\n\n\n\n<div class=\"wp-block-button\"><a class=\"wp-block-button__link\" href=\"https:\/\/exforddemo.wordpress.com\/services\/\">D\u00e9couvrez nos offres<\/a><\/div>\n<\/div>\n\n\n\n<div class=\"wp-block-column is-vertically-aligned-center is-layout-flow wp-block-column-is-layout-flow\" style=\"flex-basis:67%\">\n<figure class=\"wp-block-gallery columns-2 is-cropped wp-block-gallery-1 is-layout-flex wp-block-gallery-is-layout-flex\"><ul class=\"blocks-gallery-grid\"><li class=\"blocks-gallery-item\"><figure><img decoding=\"async\" src=\"https:\/\/exforddemo.files.wordpress.com\/2019\/08\/ancient-architectural-design-architecture-2166553.jpg?w=750\" alt=\"\" data-id=\"18\" data-link=\"https:\/\/exforddemo.wordpress.com\/home\/ancient-architectural-design-architecture-2166553\/\" class=\"wp-image-18\"\/><\/figure><\/li><li class=\"blocks-gallery-item\"><figure><img decoding=\"async\" src=\"https:\/\/exforddemo.files.wordpress.com\/2019\/08\/pietro-de-grandi-t7k4aepoggk-unsplash.jpg?w=750\" alt=\"\" data-id=\"61\" data-link=\"https:\/\/exforddemo.wordpress.com\/home\/pietro-de-grandi-t7k4aepoggk-unsplash\/\" class=\"wp-image-61\"\/><\/figure><\/li><li class=\"blocks-gallery-item\"><figure><img decoding=\"async\" src=\"https:\/\/exforddemo.files.wordpress.com\/2019\/08\/bali-coconut-trees-palm-trees-2100805.jpg?w=750\" alt=\"\" data-id=\"16\" data-link=\"https:\/\/exforddemo.wordpress.com\/home\/bali-coconut-trees-palm-trees-2100805\/\" class=\"wp-image-16\"\/><\/figure><\/li><li class=\"blocks-gallery-item\"><figure><img decoding=\"async\" src=\"https:\/\/exforddemo.files.wordpress.com\/2019\/08\/cold-dawn-daylight-376370.jpg?w=750\" alt=\"\" data-id=\"21\" data-link=\"https:\/\/exforddemo.wordpress.com\/home\/cold-dawn-daylight-376370\/\" class=\"wp-image-21\"\/><\/figure><\/li><\/ul><\/figure>\n<\/div>\n<\/div>\n\n\n\n<div style=\"height:68px\" aria-hidden=\"true\" class=\"wp-block-spacer\"><\/div>\n<\/div><\/div>\n\n\n\n<div class=\"wp-block-media-text alignfull is-stacked-on-mobile is-vertically-aligned-center has-foreground-background-color has-background\"><figure class=\"wp-block-media-text__media\"><img decoding=\"async\" src=\"https:\/\/exforddemo.files.wordpress.com\/2019\/08\/action-adventure-alps-238622.jpg?w=750\" alt=\"\" class=\"wp-image-53 size-full\"\/><\/figure><div class=\"wp-block-media-text__content\">\n<h2 class=\"wp-block-heading\">Ce que les gens disent<\/h2>\n\n\n\n<blockquote class=\"wp-block-quote is-style-large is-layout-flow wp-block-quote-is-layout-flow\"><p>Nous avons r\u00e9serv\u00e9 notre lune de miel avec Exford et c&rsquo;\u00e9tait juste incroyable. Ils se sont occup\u00e9s de tout, m\u00eame de la liste de nos bagages&nbsp;!<\/p><cite>William et Megan James<\/cite><\/blockquote>\n<\/div><\/div>\n\n\n\n<div class=\"wp-block-group alignfull has-background-background-color has-background\"><div class=\"wp-block-group__inner-container is-layout-flow wp-block-group-is-layout-flow\">\n<div style=\"height:68px\" aria-hidden=\"true\" class=\"wp-block-spacer\"><\/div>\n\n\n\n<h2 class=\"has-text-align-center wp-block-heading\">Offres&nbsp;sp\u00e9ciales&nbsp;et de derni\u00e8re minute<\/h2>\n\n\n\n<p class=\"has-text-align-center\">R\u00e9servez un circuit unique \u00e0 un prix tr\u00e8s int\u00e9ressant&nbsp;! Choisissez une offre de derni\u00e8re minute et faites vos bagages pour des vacances m\u00e9morables.<\/p>\n\n\n\n<div class=\"wp-block-columns alignwide is-layout-flex wp-container-core-columns-is-layout-9d6595d7 wp-block-columns-is-layout-flex\">\n<div class=\"wp-block-column is-layout-flow wp-block-column-is-layout-flow\">\n<figure class=\"wp-block-image size-large\"><img decoding=\"async\" src=\"https:\/\/exforddemo.files.wordpress.com\/2019\/08\/adults-arabian-arabic-2239422-1.jpg?w=750\" alt=\"\" class=\"wp-image-52\"\/><\/figure>\n\n\n\n<h4 class=\"has-text-align-center wp-block-heading\">Aventure au Qatar<\/h4>\n\n\n\n<p class=\"has-text-align-center has-small-font-size\">Offres dans des h\u00f4tels comprenant&nbsp;des excursions dans le d\u00e9sert&nbsp;.<\/p>\n\n\n\n<div class=\"wp-block-button aligncenter\"><a class=\"wp-block-button__link\" href=\"https:\/\/exforddemo.wordpress.com\/contact\/\">\u00c0 partir de 900&nbsp;USD<\/a><\/div>\n<\/div>\n\n\n\n<div class=\"wp-block-column is-layout-flow wp-block-column-is-layout-flow\">\n<figure class=\"wp-block-image size-large\"><img decoding=\"async\" src=\"https:\/\/exforddemo.files.wordpress.com\/2019\/08\/ancient-architecture-building-1010657.jpg\" alt=\"\" class=\"wp-image-49\"\/><\/figure>\n\n\n\n<h4 class=\"has-text-align-center wp-block-heading\">D\u00e9couverte de la Gr\u00e8ce<\/h4>\n\n\n\n<p class=\"has-text-align-center has-small-font-size\">Visitez Santorin et plongez-vous dans son architecture et son histoire.<\/p>\n\n\n\n<div class=\"wp-block-button aligncenter\"><a class=\"wp-block-button__link\" href=\"https:\/\/exforddemo.wordpress.com\/contact\/\">\u00c0 partir de 650&nbsp;USD<\/a><\/div>\n<\/div>\n\n\n\n<div class=\"wp-block-column is-layout-flow wp-block-column-is-layout-flow\">\n<figure class=\"wp-block-image size-large\"><img decoding=\"async\" src=\"https:\/\/exforddemo.files.wordpress.com\/2019\/08\/background-beach-blue-sky-1007657-1.jpg?w=750\" alt=\"\" class=\"wp-image-51\"\/><\/figure>\n\n\n\n<h4 class=\"has-text-align-center wp-block-heading\">Exploration de la Tha\u00eflande<\/h4>\n\n\n\n<p class=\"has-text-align-center has-small-font-size\">Fl\u00e2nez sur la plage et d\u00e9tendez-vous avec un massage.<\/p>\n\n\n\n<div class=\"wp-block-button aligncenter\"><a class=\"wp-block-button__link\" href=\"https:\/\/exforddemo.wordpress.com\/contact\/\">\u0081\u00c0 partir de 1&nbsp;200&nbsp;USD<\/a><\/div>\n<\/div>\n<\/div>\n\n\n\n<div style=\"height:68px\" aria-hidden=\"true\" class=\"wp-block-spacer\"><\/div>\n<\/div><\/div>\n\n\n\n<div class=\"wp-block-cover alignfull has-background-dim-70 has-background-dim\" style=\"background-image:url(https:\/\/exforddemo.files.wordpress.com\/2019\/08\/beautiful-female-girl-1002530.jpg);background-color:#000000\"><div class=\"wp-block-cover__inner-container is-layout-flow wp-block-cover-is-layout-flow\">\n<h6 class=\"has-text-align-center wp-block-heading\">Offre exclusive<\/h6>\n\n\n\n<h2 class=\"has-text-align-center wp-block-heading\">20&nbsp;% de r\u00e9duction sur votre premier voyage<\/h2>\n\n\n\n<p class=\"has-text-align-center\">Qui n&rsquo;aime pas les remises&nbsp;? R\u00e9servez d\u00e8s aujourd&rsquo;hui votre premier voyage avec nous et profitez d&rsquo;une offre exclusive.<\/p>\n\n\n\n<div class=\"wp-block-button aligncenter\"><a class=\"wp-block-button__link has-foreground-color has-background-background-color has-text-color has-background\" href=\"https:\/\/exforddemo.wordpress.com\/services\/\">D\u00e9couvrez nos offres<\/a><\/div>\n<\/div><\/div>\n","protected":false},"excerpt":{"rendered":"<p>Explorez le monde Des circuits incroyables et des aventures m\u00e9morables vous attendent. Faites-vous plaisir et consultez nos offres. D\u00e9couvrez la beaut\u00e9 sans limite D\u00e9couvrez des gens, des cultures et des paysages diff\u00e9rents. Choisissez votre prochaine destination avec nous, nous nous chargeons du reste. Circuits et destinations \u00e0 venir Des lieux exotiques aux stations de ski,&hellip; <a class=\"more-link\" href=\"https:\/\/abdoumoustoifa.info\/\">Poursuivre la lecture <span class=\"screen-reader-text\">Accueil<\/span><\/a><\/p>\n","protected":false},"author":1,"featured_media":0,"parent":0,"menu_order":0,"comment_status":"closed","ping_status":"closed","template":"","meta":{"footnotes":""},"class_list":["post-419","page","type-page","status-publish","hentry","entry"],"_links":{"self":[{"href":"https:\/\/abdoumoustoifa.info\/index.php\/wp-json\/wp\/v2\/pages\/419","targetHints":{"allow":["GET"]}}],"collection":[{"href":"https:\/\/abdoumoustoifa.info\/index.php\/wp-json\/wp\/v2\/pages"}],"about":[{"href":"https:\/\/abdoumoustoifa.info\/index.php\/wp-json\/wp\/v2\/types\/page"}],"author":[{"embeddable":true,"href":"https:\/\/abdoumoustoifa.info\/index.php\/wp-json\/wp\/v2\/users\/1"}],"replies":[{"embeddable":true,"href":"https:\/\/abdoumoustoifa.info\/index.php\/wp-json\/wp\/v2\/comments?post=419"}],"version-history":[{"count":1,"href":"https:\/\/abdoumoustoifa.info\/index.php\/wp-json\/wp\/v2\/pages\/419\/revisions"}],"predecessor-version":[{"id":479,"href":"https:\/\/abdoumoustoifa.info\/index.php\/wp-json\/wp\/v2\/pages\/419\/revisions\/479"}],"wp:attachment":[{"href":"https:\/\/abdoumoustoifa.info\/index.php\/wp-json\/wp\/v2\/media?parent=419"}],"curies":[{"name":"wp","href":"https:\/\/api.w.org\/{rel}","templated":true}]}}